{"id":21,"date":"2021-05-09T23:55:39","date_gmt":"2021-05-09T23:55:39","guid":{"rendered":"https:\/\/sxl.arm.mybluehost.me\/?page_id=21"},"modified":"2025-05-07T20:46:39","modified_gmt":"2025-05-07T20:46:39","slug":"apropos","status":"publish","type":"page","link":"https:\/\/drivelinesolutions.com\/francais\/apropos\/","title":{"rendered":"\u00c0 Propos"},"content":{"rendered":"\t\t<div data-elementor-type=\"wp-page\" data-elementor-id=\"21\" class=\"elementor elementor-21\" data-elementor-post-type=\"page\">\n\t\t\t\t\t\t<section class=\"elementor-section elementor-top-section elementor-element elementor-element-4f4c6d89 elementor-section-boxed elementor-section-height-default elementor-section-height-default\" data-id=\"4f4c6d89\" data-element_type=\"section\" data-e-type=\"section\">\n\t\t\t\t\t\t<div class=\"elementor-container elementor-column-gap-default\">\n\t\t\t\t\t<div class=\"elementor-column elementor-col-100 elementor-top-column elementor-element elementor-element-1d1816fd\" data-id=\"1d1816fd\" data-element_type=\"column\" data-e-type=\"column\">\n\t\t\t<div class=\"elementor-widget-wrap elementor-element-populated\">\n\t\t\t\t\t\t<div class=\"elementor-element elementor-element-246fc2c0 de_scroll_animation_no elementor-widget elementor-widget-text-editor\" data-id=\"246fc2c0\" data-element_type=\"widget\" data-e-type=\"widget\" data-widget_type=\"text-editor.default\">\n\t\t\t\t<div class=\"elementor-widget-container\">\n\t\t\t\t\t\t\t\t\t<h2>NOTRE HISTOIRE :<\/h2>\nAvec un bagage de plus de 20 ann\u00e9es d&rsquo;exp\u00e9rience, le fondateur fait de cette entreprise un partenaire cl\u00e9 dans l&rsquo;industrie. En croissance continue, elle se d\u00e9marque d\u00e8s son d\u00e9but. La passion de ce domaine unique en fait un succ\u00e8s aupr\u00e8s de sa client\u00e8le.\nLe service, la compr\u00e9hension de chacune des situations, les analyses, les nouveaut\u00e9s et la recherche en d\u00e9veloppement continu, ne fait qu&rsquo;accro\u00eetre le rendement de l&rsquo;Entreprise. Que vos besoins soient dans l&rsquo;industrie mini\u00e8re, marine, route ou hors route, transport, agricole, industriel ou autres, nous saurons vous aider dans vos besoins.\n\nLa compr\u00e9hension de chaque situation unique, le d\u00e9sir d&rsquo;aider et de proposer les meilleures solutions, ainsi que la recherche et le d\u00e9veloppement continus, ne font qu&rsquo;am\u00e9liorer les performances de l&rsquo;entreprise et de notre \u00e9quipe de sp\u00e9cialistes des transmissions. Que vos besoins concernent les secteurs minier, maritime, routier ou tout-terrain, le transport, l&rsquo;agriculture, l&rsquo;industrie et d&rsquo;autres secteurs.\n\nComme son nom l&rsquo;indique, Driveline Solutions propose de nombreuses solutions pour vos besoins en arbres de transmission. Que ce soit pour un nouveau projet, une pi\u00e8ce sur mesure, des corrections d&rsquo;angle ou la r\u00e9paration ou modification d&rsquo;un arbre de transmission existant, Driveline Solutions dispose des pi\u00e8ces ou des solutions qui r\u00e9pondront \u00e0 vos besoins.\n<h5>20 Ans d&rsquo;Exp\u00e9rience<\/h5>\n<h5>Choix par excellence<\/h5>\n<img fetchpriority=\"high\" decoding=\"async\" src=\"https:\/\/drivelinesolutions.com\/wp-content\/uploads\/2021\/06\/Copie-de-Copie-de-Sans-titre.png\" sizes=\"(max-width: 750px) 100vw, 750px\" srcset=\"https:\/\/drivelinesolutions.com\/wp-content\/uploads\/2021\/06\/Copie-de-Copie-de-Sans-titre.png 750w, https:\/\/drivelinesolutions.com\/wp-content\/uploads\/2021\/06\/Copie-de-Copie-de-Sans-titre-250x300.png 250w, https:\/\/drivelinesolutions.com\/wp-content\/uploads\/2021\/06\/Copie-de-Copie-de-Sans-titre-10x12.png 10w\" alt=\"\" width=\"750\" height=\"900\" \/>\n<h2>MISSION ET VISION:<\/h2>\n\u200bDevenu un joueur important et une grande entreprise dans l&rsquo;industrie dans ce domaine au Canada, notre objectif est de concevoir et mettre en oeuvre un produit adapt\u00e9 dans un minimum de temps. Nous sommes tr\u00e8s conscients que le temps est des plus pr\u00e9cieux pour toute entreprise dont la productivit\u00e9 et la rentabilit\u00e9 est des plus importantes. Entour\u00e9 des fournisseurs les plus r\u00e9put\u00e9s ainsi d&rsquo;une \u00e9quipe d\u00e9vou\u00e9e \u00e0 la satisfaction de notre client\u00e8le.\nNous offrons des pi\u00e8ces et composantes de qualit\u00e9 sup\u00e9rieure \u00e0 l&rsquo;\u00e9chelle mondiale. Ce qui nous permets de vous offrir une garantie \u00e0 long terme sur les pi\u00e8ces et main-d&rsquo;oeuvre. \u200b\nLa satisfaction de nos clients demeurera toujours le moteur de notre motivation. C&rsquo;est avec ses m\u00eames valeurs que nous sommes passionn\u00e9s et r\u00e9solus \u00e0 \u00eatre un partenaire de premier choix qui nous lie \u00e0 notre fid\u00e8le client\u00e8le.\n<img decoding=\"async\" src=\"https:\/\/drivelinesolutions.com\/wp-content\/uploads\/2021\/05\/Copie-de-Copie-de-Sans-titre-1.png\" sizes=\"(max-width: 1000px) 100vw, 1000px\" srcset=\"https:\/\/drivelinesolutions.com\/wp-content\/uploads\/2021\/05\/Copie-de-Copie-de-Sans-titre-1.png 1000w, https:\/\/drivelinesolutions.com\/wp-content\/uploads\/2021\/05\/Copie-de-Copie-de-Sans-titre-1-300x300.png 300w, https:\/\/drivelinesolutions.com\/wp-content\/uploads\/2021\/05\/Copie-de-Copie-de-Sans-titre-1-150x150.png 150w, https:\/\/drivelinesolutions.com\/wp-content\/uploads\/2021\/05\/Copie-de-Copie-de-Sans-titre-1-768x768.png 768w\" alt=\"\" width=\"1000\" height=\"1000\" \/>\t\t\t\t\t\t\t\t<\/div>\n\t\t\t\t<\/div>\n\t\t\t\t\t<\/div>\n\t\t<\/div>\n\t\t\t\t\t<\/div>\n\t\t<\/section>\n\t\t\t\t<\/div>\n\t\t","protected":false},"excerpt":{"rendered":"<p>NOTRE HISTOIRE : Avec un bagage de plus de 20 ann\u00e9es d&rsquo;exp\u00e9rience, le fondateur fait de cette entreprise un partenaire cl\u00e9 dans l&rsquo;industrie. En croissance continue, elle se d\u00e9marque d\u00e8s son d\u00e9but. La passion de ce domaine unique en fait un succ\u00e8s aupr\u00e8s de sa client\u00e8le. Le service, la compr\u00e9hension de chacune des situations, les [&hellip;]<\/p>\n","protected":false},"author":1,"featured_media":0,"parent":0,"menu_order":0,"comment_status":"closed","ping_status":"closed","template":"","meta":{"footnotes":""},"class_list":["post-21","page","type-page","status-publish","hentry"],"_links":{"self":[{"href":"https:\/\/drivelinesolutions.com\/francais\/wp-json\/wp\/v2\/pages\/21","targetHints":{"allow":["GET"]}}],"collection":[{"href":"https:\/\/drivelinesolutions.com\/francais\/wp-json\/wp\/v2\/pages"}],"about":[{"href":"https:\/\/drivelinesolutions.com\/francais\/wp-json\/wp\/v2\/types\/page"}],"author":[{"embeddable":true,"href":"https:\/\/drivelinesolutions.com\/francais\/wp-json\/wp\/v2\/users\/1"}],"replies":[{"embeddable":true,"href":"https:\/\/drivelinesolutions.com\/francais\/wp-json\/wp\/v2\/comments?post=21"}],"version-history":[{"count":5,"href":"https:\/\/drivelinesolutions.com\/francais\/wp-json\/wp\/v2\/pages\/21\/revisions"}],"predecessor-version":[{"id":862,"href":"https:\/\/drivelinesolutions.com\/francais\/wp-json\/wp\/v2\/pages\/21\/revisions\/862"}],"wp:attachment":[{"href":"https:\/\/drivelinesolutions.com\/francais\/wp-json\/wp\/v2\/media?parent=21"}],"curies":[{"name":"wp","href":"https:\/\/api.w.org\/{rel}","templated":true}]}}